{"id":5355,"date":"2022-05-20T12:26:09","date_gmt":"2022-05-20T12:26:09","guid":{"rendered":"https:\/\/huebner.io\/?page_id=5355"},"modified":"2023-06-28T20:50:06","modified_gmt":"2023-06-28T20:50:06","slug":"coaching-page","status":"publish","type":"page","link":"https:\/\/huebner.io\/en\/coaching-page\/","title":{"rendered":"Coaching page"},"content":{"rendered":"<div data-elementor-type=\"wp-page\" data-elementor-id=\"5355\" class=\"elementor elementor-5355\" data-elementor-post-type=\"page\">\n\t\t\t\t\t\t<section class=\"elementor-section elementor-top-section elementor-element elementor-element-1b09a47 elementor-section-boxed elementor-section-height-default elementor-section-height-default\" data-id=\"1b09a47\" data-element_type=\"section\">\n\t\t\t\t\t\t<div class=\"elementor-container elementor-column-gap-default\">\n\t\t\t\t\t<div class=\"elementor-column elementor-col-100 elementor-top-column elementor-element elementor-element-95d6428\" data-id=\"95d6428\" data-element_type=\"column\">\n\t\t\t<div class=\"elementor-widget-wrap elementor-element-populated\">\n\t\t\t\t\t\t<div class=\"elementor-element elementor-element-8a57f0b elementor-invisible elementor-widget elementor-widget-heading\" data-id=\"8a57f0b\" data-element_type=\"widget\" data-settings=\"{&quot;_animation&quot;:&quot;fadeInDown&quot;,&quot;_animation_delay&quot;:100}\" data-widget_type=\"heading.default\">\n\t\t\t\t<div class=\"elementor-widget-container\">\n\t\t\t<h1 class=\"elementor-heading-title elementor-size-default\">Work with me 1:1<\/h1>\t\t<\/div>\n\t\t\t\t<\/div>\n\t\t\t\t<div class=\"elementor-element elementor-element-9bcd5c9 elementor-invisible elementor-widget elementor-widget-text-editor\" data-id=\"9bcd5c9\" data-element_type=\"widget\" data-settings=\"{&quot;_animation&quot;:&quot;fadeInDown&quot;}\" data-widget_type=\"text-editor.default\">\n\t\t\t\t<div class=\"elementor-widget-container\">\n\t\t\t\t\t\t\t<p>Success as an entrepreneur can be lonely and difficult. To help you accelerate your own learning and your team's progress, I offer three coaching blocks that address the trickiest aspects of the journey.<\/p>\t\t\t\t\t\t<\/div>\n\t\t\t\t<\/div>\n\t\t\t\t\t<\/div>\n\t\t<\/div>\n\t\t\t\t\t<\/div>\n\t\t<\/section>\n\t\t\t\t<section class=\"elementor-section elementor-top-section elementor-element elementor-element-19aea87 elementor-section-boxed elementor-section-height-default elementor-section-height-default\" data-id=\"19aea87\" data-element_type=\"section\">\n\t\t\t\t\t\t<div class=\"elementor-container elementor-column-gap-default\">\n\t\t\t\t\t<div class=\"elementor-column elementor-col-100 elementor-top-column elementor-element elementor-element-9aedb47\" data-id=\"9aedb47\" data-element_type=\"column\">\n\t\t\t<div class=\"elementor-widget-wrap elementor-element-populated\">\n\t\t\t\t\t\t<section class=\"elementor-section elementor-inner-section elementor-element elementor-element-457c652 elementor-section-boxed elementor-section-height-default elementor-section-height-default\" data-id=\"457c652\" data-element_type=\"section\">\n\t\t\t\t\t\t<div class=\"elementor-container elementor-column-gap-default\">\n\t\t\t\t\t<div class=\"elementor-column elementor-col-50 elementor-inner-column elementor-element elementor-element-1788b55\" data-id=\"1788b55\" data-element_type=\"column\">\n\t\t\t<div class=\"elementor-widget-wrap elementor-element-populated\">\n\t\t\t\t\t\t<div class=\"elementor-element elementor-element-1f44818 elementor-invisible elementor-widget elementor-widget-image\" data-id=\"1f44818\" data-element_type=\"widget\" data-settings=\"{&quot;_animation&quot;:&quot;fadeInLeft&quot;}\" data-widget_type=\"image.default\">\n\t\t\t\t<div class=\"elementor-widget-container\">\n\t\t\t\t\t\t\t\t\t\t\t\t\t<img fetchpriority=\"high\" decoding=\"async\" width=\"646\" height=\"370\" src=\"https:\/\/huebner.io\/wp-content\/uploads\/2022\/05\/work.jpg\" class=\"attachment-large size-large wp-image-5361\" alt=\"Coaching\" srcset=\"https:\/\/huebner.io\/wp-content\/uploads\/2022\/05\/work.jpg 646w, https:\/\/huebner.io\/wp-content\/uploads\/2022\/05\/work-18x10.jpg 18w, https:\/\/huebner.io\/wp-content\/uploads\/2022\/05\/work-300x172.jpg 300w\" sizes=\"(max-width: 646px) 100vw, 646px\" \/>\t\t\t\t\t\t\t\t\t\t\t\t\t<\/div>\n\t\t\t\t<\/div>\n\t\t\t\t\t<\/div>\n\t\t<\/div>\n\t\t\t\t<div class=\"elementor-column elementor-col-50 elementor-inner-column elementor-element elementor-element-bc19e55\" data-id=\"bc19e55\" data-element_type=\"column\">\n\t\t\t<div class=\"elementor-widget-wrap elementor-element-populated\">\n\t\t\t\t\t\t<div class=\"elementor-element elementor-element-9a608d3 elementor-invisible elementor-widget elementor-widget-heading\" data-id=\"9a608d3\" data-element_type=\"widget\" data-settings=\"{&quot;_animation&quot;:&quot;fadeInDown&quot;}\" data-widget_type=\"heading.default\">\n\t\t\t\t<div class=\"elementor-widget-container\">\n\t\t\t<h2 class=\"elementor-heading-title elementor-size-default\">Do you have a difficult business question? We will find a dynamic solution.<\/h2>\t\t<\/div>\n\t\t\t\t<\/div>\n\t\t\t\t<div class=\"elementor-element elementor-element-43aa998 elementor-invisible elementor-widget elementor-widget-text-editor\" data-id=\"43aa998\" data-element_type=\"widget\" data-settings=\"{&quot;_animation&quot;:&quot;fadeInRight&quot;,&quot;_animation_delay&quot;:0}\" data-widget_type=\"text-editor.default\">\n\t\t\t\t<div class=\"elementor-widget-container\">\n\t\t\t\t\t\t\t<p>With more than 20 years of experience in leading change processes in companies, I have developed a coaching dialogue that leads to guaranteed results. No matter how complex your question or challenge, the magic of a generative and meaningful conversation works. Let's use this approach to find a solution that works naturally.<\/p>\t\t\t\t\t\t<\/div>\n\t\t\t\t<\/div>\n\t\t\t\t<div class=\"elementor-element elementor-element-afeb357 elementor-invisible elementor-widget elementor-widget-heading\" data-id=\"afeb357\" data-element_type=\"widget\" data-settings=\"{&quot;_animation&quot;:&quot;fadeInUp&quot;}\" data-widget_type=\"heading.default\">\n\t\t\t\t<div class=\"elementor-widget-container\">\n\t\t\t<div class=\"elementor-heading-title elementor-size-default\">120 minutes. <\/div>\t\t<\/div>\n\t\t\t\t<\/div>\n\t\t\t\t<div class=\"elementor-element elementor-element-2fd677d elementor-invisible elementor-widget elementor-widget-button\" data-id=\"2fd677d\" data-element_type=\"widget\" data-settings=\"{&quot;_animation&quot;:&quot;fadeInUp&quot;,&quot;_animation_delay&quot;:100}\" data-widget_type=\"button.default\">\n\t\t\t\t<div class=\"elementor-widget-container\">\n\t\t\t\t\t<div class=\"elementor-button-wrapper\">\n\t\t\t<a class=\"elementor-button elementor-button-link elementor-size-sm\" href=\"https:\/\/zcal.co\/hhuebner\/30min\" target=\"_blank\">\n\t\t\t\t\t\t<span class=\"elementor-button-content-wrapper\">\n\t\t\t\t\t\t\t\t\t<span class=\"elementor-button-text\">Book 1:1 problem solving meeting<\/span>\n\t\t\t\t\t<\/span>\n\t\t\t\t\t<\/a>\n\t\t<\/div>\n\t\t\t\t<\/div>\n\t\t\t\t<\/div>\n\t\t\t\t\t<\/div>\n\t\t<\/div>\n\t\t\t\t\t<\/div>\n\t\t<\/section>\n\t\t\t\t<section class=\"elementor-section elementor-inner-section elementor-element elementor-element-8e3e182 elementor-section-boxed elementor-section-height-default elementor-section-height-default\" data-id=\"8e3e182\" data-element_type=\"section\">\n\t\t\t\t\t\t<div class=\"elementor-container elementor-column-gap-default\">\n\t\t\t\t\t<div class=\"elementor-column elementor-col-50 elementor-inner-column elementor-element elementor-element-fddb6b9\" data-id=\"fddb6b9\" data-element_type=\"column\">\n\t\t\t<div class=\"elementor-widget-wrap elementor-element-populated\">\n\t\t\t\t\t\t<div class=\"elementor-element elementor-element-a4bd2da elementor-invisible elementor-widget elementor-widget-image\" data-id=\"a4bd2da\" data-element_type=\"widget\" data-settings=\"{&quot;_animation&quot;:&quot;fadeInLeft&quot;}\" data-widget_type=\"image.default\">\n\t\t\t\t<div class=\"elementor-widget-container\">\n\t\t\t\t\t\t\t\t\t\t\t\t\t<img decoding=\"async\" width=\"645\" height=\"375\" src=\"https:\/\/huebner.io\/wp-content\/uploads\/2022\/05\/work-1.jpg\" class=\"attachment-large size-large wp-image-5363\" alt=\"\" srcset=\"https:\/\/huebner.io\/wp-content\/uploads\/2022\/05\/work-1.jpg 645w, https:\/\/huebner.io\/wp-content\/uploads\/2022\/05\/work-1-300x174.jpg 300w\" sizes=\"(max-width: 645px) 100vw, 645px\" \/>\t\t\t\t\t\t\t\t\t\t\t\t\t<\/div>\n\t\t\t\t<\/div>\n\t\t\t\t\t<\/div>\n\t\t<\/div>\n\t\t\t\t<div class=\"elementor-column elementor-col-50 elementor-inner-column elementor-element elementor-element-e3fc5b7\" data-id=\"e3fc5b7\" data-element_type=\"column\">\n\t\t\t<div class=\"elementor-widget-wrap elementor-element-populated\">\n\t\t\t\t\t\t<div class=\"elementor-element elementor-element-2fe818d elementor-invisible elementor-widget elementor-widget-heading\" data-id=\"2fe818d\" data-element_type=\"widget\" data-settings=\"{&quot;_animation&quot;:&quot;fadeInDown&quot;,&quot;_animation_delay&quot;:0}\" data-widget_type=\"heading.default\">\n\t\t\t\t<div class=\"elementor-widget-container\">\n\t\t\t<h2 class=\"elementor-heading-title elementor-size-default\">Is everything not running smoothly in your business? Let us get your SME moving.<\/h2>\t\t<\/div>\n\t\t\t\t<\/div>\n\t\t\t\t<div class=\"elementor-element elementor-element-0001739 elementor-invisible elementor-widget elementor-widget-text-editor\" data-id=\"0001739\" data-element_type=\"widget\" data-settings=\"{&quot;_animation&quot;:&quot;fadeInRight&quot;,&quot;_animation_delay&quot;:0}\" data-widget_type=\"text-editor.default\">\n\t\t\t\t<div class=\"elementor-widget-container\">\n\t\t\t\t\t\t\t<p>In more than 50 decision-maker interviews, I analyzed success patterns of companies in crisis mode. This has resulted in the Flow Discovery Workshop: In this format, we look at your current business model together and find out which are the set screws for success. It is about future viability all along the line. From our side, two specialized coaches are involved. Visit our website to learn more about <a href=\"https:\/\/huebner.io\/en\/uber\/\">about us<\/a> to learn.<\/p>\t\t\t\t\t\t<\/div>\n\t\t\t\t<\/div>\n\t\t\t\t<div class=\"elementor-element elementor-element-27dde61 elementor-invisible elementor-widget elementor-widget-heading\" data-id=\"27dde61\" data-element_type=\"widget\" data-settings=\"{&quot;_animation&quot;:&quot;fadeInUp&quot;}\" data-widget_type=\"heading.default\">\n\t\t\t\t<div class=\"elementor-widget-container\">\n\t\t\t<div class=\"elementor-heading-title elementor-size-default\">180 minutes. <\/div>\t\t<\/div>\n\t\t\t\t<\/div>\n\t\t\t\t<div class=\"elementor-element elementor-element-c7deedc elementor-invisible elementor-widget elementor-widget-button\" data-id=\"c7deedc\" data-element_type=\"widget\" data-settings=\"{&quot;_animation&quot;:&quot;fadeInUp&quot;,&quot;_animation_delay&quot;:100}\" data-widget_type=\"button.default\">\n\t\t\t\t<div class=\"elementor-widget-container\">\n\t\t\t\t\t<div class=\"elementor-button-wrapper\">\n\t\t\t<a class=\"elementor-button elementor-button-link elementor-size-sm\" href=\"https:\/\/zcal.co\/hhuebner\/30min\" target=\"_blank\">\n\t\t\t\t\t\t<span class=\"elementor-button-content-wrapper\">\n\t\t\t\t\t\t\t\t\t<span class=\"elementor-button-text\">Book 1:1 Flow Discovery Workshop<\/span>\n\t\t\t\t\t<\/span>\n\t\t\t\t\t<\/a>\n\t\t<\/div>\n\t\t\t\t<\/div>\n\t\t\t\t<\/div>\n\t\t\t\t\t<\/div>\n\t\t<\/div>\n\t\t\t\t\t<\/div>\n\t\t<\/section>\n\t\t\t\t<section class=\"elementor-section elementor-inner-section elementor-element elementor-element-32d8e75 elementor-section-boxed elementor-section-height-default elementor-section-height-default\" data-id=\"32d8e75\" data-element_type=\"section\">\n\t\t\t\t\t\t<div class=\"elementor-container elementor-column-gap-default\">\n\t\t\t\t\t<div class=\"elementor-column elementor-col-50 elementor-inner-column elementor-element elementor-element-d39fb23\" data-id=\"d39fb23\" data-element_type=\"column\">\n\t\t\t<div class=\"elementor-widget-wrap elementor-element-populated\">\n\t\t\t\t\t\t<div class=\"elementor-element elementor-element-894ffed elementor-invisible elementor-widget elementor-widget-image\" data-id=\"894ffed\" data-element_type=\"widget\" data-settings=\"{&quot;_animation&quot;:&quot;fadeInLeft&quot;}\" data-widget_type=\"image.default\">\n\t\t\t\t<div class=\"elementor-widget-container\">\n\t\t\t\t\t\t\t\t\t\t\t\t\t<img decoding=\"async\" width=\"645\" height=\"452\" src=\"https:\/\/huebner.io\/wp-content\/uploads\/2022\/05\/work-2.jpg\" class=\"attachment-large size-large wp-image-5365\" alt=\"\" srcset=\"https:\/\/huebner.io\/wp-content\/uploads\/2022\/05\/work-2.jpg 645w, https:\/\/huebner.io\/wp-content\/uploads\/2022\/05\/work-2-300x210.jpg 300w\" sizes=\"(max-width: 645px) 100vw, 645px\" \/>\t\t\t\t\t\t\t\t\t\t\t\t\t<\/div>\n\t\t\t\t<\/div>\n\t\t\t\t\t<\/div>\n\t\t<\/div>\n\t\t\t\t<div class=\"elementor-column elementor-col-50 elementor-inner-column elementor-element elementor-element-e5a1657\" data-id=\"e5a1657\" data-element_type=\"column\">\n\t\t\t<div class=\"elementor-widget-wrap elementor-element-populated\">\n\t\t\t\t\t\t<div class=\"elementor-element elementor-element-990f9de elementor-invisible elementor-widget elementor-widget-heading\" data-id=\"990f9de\" data-element_type=\"widget\" data-settings=\"{&quot;_animation&quot;:&quot;fadeInDown&quot;,&quot;_animation_delay&quot;:100}\" data-widget_type=\"heading.default\">\n\t\t\t\t<div class=\"elementor-widget-container\">\n\t\t\t<h2 class=\"elementor-heading-title elementor-size-default\">You want to bring dynamism into your team? Time for the quantum leap to meaningful work.<\/h2>\t\t<\/div>\n\t\t\t\t<\/div>\n\t\t\t\t<div class=\"elementor-element elementor-element-3c36b88 elementor-invisible elementor-widget elementor-widget-text-editor\" data-id=\"3c36b88\" data-element_type=\"widget\" data-settings=\"{&quot;_animation&quot;:&quot;fadeInRight&quot;}\" data-widget_type=\"text-editor.default\">\n\t\t\t\t<div class=\"elementor-widget-container\">\n\t\t\t\t\t\t\t<p><span style=\"white-space: pre-wrap;\">Developed for my own team in a company, perfected over the last three years with dozens of other teams: Agile coaching that goes beyond ready-made tools like Scrum and Holacracy, builds mutual trust, and works in a fitting, <a href=\"https:\/\/de.wikipedia.org\/wiki\/Arbeitssystem\" target=\"_blank\" rel=\"noopener\">individual work system leads<\/a>. <\/span><\/p><p>You have taken over a new team as a manager? You would like to network yourself and your team better? You rely on independent work - yet measurable and motivated from within? Agile Coaching helps whenever teams are facing changes and culture change is on the agenda.<\/p>\t\t\t\t\t\t<\/div>\n\t\t\t\t<\/div>\n\t\t\t\t<div class=\"elementor-element elementor-element-cb2650d elementor-invisible elementor-widget elementor-widget-heading\" data-id=\"cb2650d\" data-element_type=\"widget\" data-settings=\"{&quot;_animation&quot;:&quot;fadeInUp&quot;}\" data-widget_type=\"heading.default\">\n\t\t\t\t<div class=\"elementor-widget-container\">\n\t\t\t<div class=\"elementor-heading-title elementor-size-default\">Flexible by arrangement. <\/div>\t\t<\/div>\n\t\t\t\t<\/div>\n\t\t\t\t<div class=\"elementor-element elementor-element-58ebf95 elementor-invisible elementor-widget elementor-widget-button\" data-id=\"58ebf95\" data-element_type=\"widget\" data-settings=\"{&quot;_animation&quot;:&quot;fadeInUp&quot;,&quot;_animation_delay&quot;:100}\" data-widget_type=\"button.default\">\n\t\t\t\t<div class=\"elementor-widget-container\">\n\t\t\t\t\t<div class=\"elementor-button-wrapper\">\n\t\t\t<a class=\"elementor-button elementor-button-link elementor-size-sm\" href=\"https:\/\/zcal.co\/hhuebner\/30min\" target=\"_blank\">\n\t\t\t\t\t\t<span class=\"elementor-button-content-wrapper\">\n\t\t\t\t\t\t\t\t\t<span class=\"elementor-button-text\">Book 1:1 Agile Coaching<\/span>\n\t\t\t\t\t<\/span>\n\t\t\t\t\t<\/a>\n\t\t<\/div>\n\t\t\t\t<\/div>\n\t\t\t\t<\/div>\n\t\t\t\t\t<\/div>\n\t\t<\/div>\n\t\t\t\t\t<\/div>\n\t\t<\/section>\n\t\t\t\t\t<\/div>\n\t\t<\/div>\n\t\t\t\t\t<\/div>\n\t\t<\/section>\n\t\t\t\t<\/div>","protected":false},"excerpt":{"rendered":"<p>Work with me 1:1 Success as an entrepreneur can be lonely and difficult. To help you accelerate your own learning and your team's progress, I offer three coaching blocks that address the trickiest aspects of the journey. Have a tough business question? We'll find a dynamic solution. With more than 20 [...]<\/p>","protected":false},"author":1,"featured_media":5361,"parent":0,"menu_order":0,"comment_status":"closed","ping_status":"closed","template":"elementor_header_footer","meta":{"_seopress_robots_primary_cat":"","_seopress_titles_title":"Agiles Coaching f\u00fcr F\u00fchrungskr\u00e4fte und Teams | H\u00fcbner Management","_seopress_titles_desc":"Erfolg als Unternehmer kann schwierig sein. Um Ihnen zu helfen den Fortschritt zu beschleunigen, bieten wir drei Coaching-Bl\u00f6cke an, die die schwierigsten Aspekte der Reise adressieren","_seopress_robots_index":"","footnotes":""},"class_list":["post-5355","page","type-page","status-publish","has-post-thumbnail","hentry","entry","has-media"],"acf":[],"_links":{"self":[{"href":"https:\/\/huebner.io\/en\/wp-json\/wp\/v2\/pages\/5355"}],"collection":[{"href":"https:\/\/huebner.io\/en\/wp-json\/wp\/v2\/pages"}],"about":[{"href":"https:\/\/huebner.io\/en\/wp-json\/wp\/v2\/types\/page"}],"author":[{"embeddable":true,"href":"https:\/\/huebner.io\/en\/wp-json\/wp\/v2\/users\/1"}],"replies":[{"embeddable":true,"href":"https:\/\/huebner.io\/en\/wp-json\/wp\/v2\/comments?post=5355"}],"version-history":[{"count":0,"href":"https:\/\/huebner.io\/en\/wp-json\/wp\/v2\/pages\/5355\/revisions"}],"wp:featuredmedia":[{"embeddable":true,"href":"https:\/\/huebner.io\/en\/wp-json\/wp\/v2\/media\/5361"}],"wp:attachment":[{"href":"https:\/\/huebner.io\/en\/wp-json\/wp\/v2\/media?parent=5355"}],"curies":[{"name":"wp","href":"https:\/\/api.w.org\/{rel}","templated":true}]}}