{"id":7570,"date":"2023-10-16T22:37:51","date_gmt":"2023-10-16T22:37:51","guid":{"rendered":"https:\/\/hubnerbackup.local\/?page_id=7570"},"modified":"2024-10-28T15:53:01","modified_gmt":"2024-10-28T14:53:01","slug":"service","status":"publish","type":"page","link":"https:\/\/huebner.io\/en\/service\/","title":{"rendered":"Service"},"content":{"rendered":"<div data-elementor-type=\"wp-page\" data-elementor-id=\"7570\" class=\"elementor elementor-7570\" data-elementor-post-type=\"page\">\n\t\t\t\t\t\t<section class=\"elementor-section elementor-top-section elementor-element elementor-element-10d35dc elementor-reverse-mobile elementor-section-boxed elementor-section-height-default elementor-section-height-default\" data-id=\"10d35dc\" data-element_type=\"section\" data-settings=\"{&quot;background_background&quot;:&quot;classic&quot;}\">\n\t\t\t\t\t\t<div class=\"elementor-container elementor-column-gap-no\">\n\t\t\t\t\t<div class=\"elementor-column elementor-col-50 elementor-top-column elementor-element elementor-element-800bab9\" data-id=\"800bab9\" data-element_type=\"column\">\n\t\t\t<div class=\"elementor-widget-wrap elementor-element-populated\">\n\t\t\t\t\t\t<div class=\"elementor-element elementor-element-6b44cc62 animated-fast elementor-invisible elementor-widget elementor-widget-heading\" data-id=\"6b44cc62\" data-element_type=\"widget\" data-settings=\"{&quot;_animation&quot;:&quot;fadeInUp&quot;}\" data-widget_type=\"heading.default\">\n\t\t\t\t<div class=\"elementor-widget-container\">\n\t\t\t<h6 class=\"elementor-heading-title elementor-size-default\">Services<\/h6>\t\t<\/div>\n\t\t\t\t<\/div>\n\t\t\t\t<div class=\"elementor-element elementor-element-1c7f627d animated-fast elementor-invisible elementor-widget elementor-widget-heading\" data-id=\"1c7f627d\" data-element_type=\"widget\" data-settings=\"{&quot;_animation&quot;:&quot;fadeInUp&quot;,&quot;_animation_delay&quot;:50}\" data-widget_type=\"heading.default\">\n\t\t\t\t<div class=\"elementor-widget-container\">\n\t\t\t<h1 class=\"elementor-heading-title elementor-size-default\">Work with us 1:1\n<\/h1>\t\t<\/div>\n\t\t\t\t<\/div>\n\t\t\t\t<div class=\"elementor-element elementor-element-72e60ffa animated-fast elementor-invisible elementor-widget elementor-widget-text-editor\" data-id=\"72e60ffa\" data-element_type=\"widget\" data-settings=\"{&quot;_animation&quot;:&quot;fadeInUp&quot;,&quot;_animation_delay&quot;:100}\" data-widget_type=\"text-editor.default\">\n\t\t\t\t<div class=\"elementor-widget-container\">\n\t\t\t\t\t\t\t<p>Success as an entrepreneur can be lonely and difficult. To help you accelerate your own learning and your team's progress, we offer three services that address topical leadership issues.<\/p>\t\t\t\t\t\t<\/div>\n\t\t\t\t<\/div>\n\t\t\t\t<div class=\"elementor-element elementor-element-63f454d5 elementor-view-stacked elementor-shape-square elementor-position-left elementor-mobile-position-left elementor-vertical-align-middle elementor-invisible elementor-widget elementor-widget-icon-box\" data-id=\"63f454d5\" data-element_type=\"widget\" data-settings=\"{&quot;_animation&quot;:&quot;fadeInLeft&quot;}\" data-widget_type=\"icon-box.default\">\n\t\t\t\t<div class=\"elementor-widget-container\">\n\t\t\t\t\t<div class=\"elementor-icon-box-wrapper\">\n\n\t\t\t\t\t\t<div class=\"elementor-icon-box-icon\">\n\t\t\t\t<span  class=\"elementor-icon elementor-animation-\">\n\t\t\t\t<i aria-hidden=\"true\" class=\"fas fa-chart-line\"><\/i>\t\t\t\t<\/span>\n\t\t\t<\/div>\n\t\t\t\n\t\t\t\t\t\t<div class=\"elementor-icon-box-content\">\n\n\t\t\t\t\t\t\t\t\t<h4 class=\"elementor-icon-box-title\">\n\t\t\t\t\t\t<span  >\n\t\t\t\t\t\t\tAI empowerment\t\t\t\t\t\t<\/span>\n\t\t\t\t\t<\/h4>\n\t\t\t\t\n\t\t\t\t\t\t\t\t\t<p class=\"elementor-icon-box-description\">\n\t\t\t\t\t\tUse the potential of artificial intelligence to optimize processes and collaboration.\t\t\t\t\t<\/p>\n\t\t\t\t\n\t\t\t<\/div>\n\t\t\t\n\t\t<\/div>\n\t\t\t\t<\/div>\n\t\t\t\t<\/div>\n\t\t\t\t<div class=\"elementor-element elementor-element-6ac41a3f elementor-view-stacked elementor-shape-square elementor-position-left elementor-mobile-position-left elementor-vertical-align-middle elementor-invisible elementor-widget elementor-widget-icon-box\" data-id=\"6ac41a3f\" data-element_type=\"widget\" data-settings=\"{&quot;_animation&quot;:&quot;fadeInLeft&quot;}\" data-widget_type=\"icon-box.default\">\n\t\t\t\t<div class=\"elementor-widget-container\">\n\t\t\t\t\t<div class=\"elementor-icon-box-wrapper\">\n\n\t\t\t\t\t\t<div class=\"elementor-icon-box-icon\">\n\t\t\t\t<span  class=\"elementor-icon elementor-animation-\">\n\t\t\t\t<i aria-hidden=\"true\" class=\"fas fa-water\"><\/i>\t\t\t\t<\/span>\n\t\t\t<\/div>\n\t\t\t\n\t\t\t\t\t\t<div class=\"elementor-icon-box-content\">\n\n\t\t\t\t\t\t\t\t\t<h4 class=\"elementor-icon-box-title\">\n\t\t\t\t\t\t<span  >\n\t\t\t\t\t\t\tManage knowledge\t\t\t\t\t\t<\/span>\n\t\t\t\t\t<\/h4>\n\t\t\t\t\n\t\t\t\t\t\t\t\t\t<p class=\"elementor-icon-box-description\">\n\t\t\t\t\t\tMake your knowledge available within the company and speed up decision-making.\t\t\t\t\t<\/p>\n\t\t\t\t\n\t\t\t<\/div>\n\t\t\t\n\t\t<\/div>\n\t\t\t\t<\/div>\n\t\t\t\t<\/div>\n\t\t\t\t<div class=\"elementor-element elementor-element-6ccf37f elementor-view-stacked elementor-shape-square elementor-position-left elementor-mobile-position-left elementor-vertical-align-middle elementor-invisible elementor-widget elementor-widget-icon-box\" data-id=\"6ccf37f\" data-element_type=\"widget\" data-settings=\"{&quot;_animation&quot;:&quot;fadeInLeft&quot;}\" data-widget_type=\"icon-box.default\">\n\t\t\t\t<div class=\"elementor-widget-container\">\n\t\t\t\t\t<div class=\"elementor-icon-box-wrapper\">\n\n\t\t\t\t\t\t<div class=\"elementor-icon-box-icon\">\n\t\t\t\t<span  class=\"elementor-icon elementor-animation-\">\n\t\t\t\t<i aria-hidden=\"true\" class=\"fas fa-bullseye\"><\/i>\t\t\t\t<\/span>\n\t\t\t<\/div>\n\t\t\t\n\t\t\t\t\t\t<div class=\"elementor-icon-box-content\">\n\n\t\t\t\t\t\t\t\t\t<h4 class=\"elementor-icon-box-title\">\n\t\t\t\t\t\t<span  >\n\t\t\t\t\t\t\tStakeholder management\t\t\t\t\t\t<\/span>\n\t\t\t\t\t<\/h4>\n\t\t\t\t\n\t\t\t\t\t\t\t\t\t<p class=\"elementor-icon-box-description\">\n\t\t\t\t\t\tStrengthen trust in your company through transparent communication.\t\t\t\t\t<\/p>\n\t\t\t\t\n\t\t\t<\/div>\n\t\t\t\n\t\t<\/div>\n\t\t\t\t<\/div>\n\t\t\t\t<\/div>\n\t\t\t\t<div class=\"elementor-element elementor-element-3bbc47a elementor-widget elementor-widget-button\" data-id=\"3bbc47a\" data-element_type=\"widget\" data-widget_type=\"button.default\">\n\t\t\t\t<div class=\"elementor-widget-container\">\n\t\t\t\t\t<div class=\"elementor-button-wrapper\">\n\t\t\t<a class=\"elementor-button elementor-button-link elementor-size-sm\" href=\"#services\">\n\t\t\t\t\t\t<span class=\"elementor-button-content-wrapper\">\n\t\t\t\t\t\t\t\t\t<span class=\"elementor-button-text\">Learn more<\/span>\n\t\t\t\t\t<\/span>\n\t\t\t\t\t<\/a>\n\t\t<\/div>\n\t\t\t\t<\/div>\n\t\t\t\t<\/div>\n\t\t\t\t\t<\/div>\n\t\t<\/div>\n\t\t\t\t<div class=\"elementor-column elementor-col-50 elementor-top-column elementor-element elementor-element-5e02c91e\" data-id=\"5e02c91e\" data-element_type=\"column\">\n\t\t\t<div class=\"elementor-widget-wrap elementor-element-populated\">\n\t\t\t\t\t\t<div class=\"elementor-element elementor-element-4b95010 animated-fast elementor-invisible elementor-widget elementor-widget-image\" data-id=\"4b95010\" data-element_type=\"widget\" data-settings=\"{&quot;_animation&quot;:&quot;fadeInDown&quot;,&quot;_animation_delay&quot;:50}\" data-widget_type=\"image.default\">\n\t\t\t\t<div class=\"elementor-widget-container\">\n\t\t\t\t\t\t\t\t\t\t\t\t\t<img fetchpriority=\"high\" decoding=\"async\" width=\"1024\" height=\"683\" src=\"https:\/\/huebner.io\/wp-content\/uploads\/2023\/11\/MG_2831-1024x683.webp\" class=\"attachment-large size-large wp-image-8494\" alt=\"\" srcset=\"https:\/\/huebner.io\/wp-content\/uploads\/2023\/11\/MG_2831-1024x683.webp 1024w, https:\/\/huebner.io\/wp-content\/uploads\/2023\/11\/MG_2831-300x200.webp 300w, https:\/\/huebner.io\/wp-content\/uploads\/2023\/11\/MG_2831-768x512.webp 768w, https:\/\/huebner.io\/wp-content\/uploads\/2023\/11\/MG_2831-1536x1024.webp 1536w, https:\/\/huebner.io\/wp-content\/uploads\/2023\/11\/MG_2831-18x12.webp 18w, https:\/\/huebner.io\/wp-content\/uploads\/2023\/11\/MG_2831-1320x880.webp 1320w, https:\/\/huebner.io\/wp-content\/uploads\/2023\/11\/MG_2831.webp 1920w\" sizes=\"(max-width: 1024px) 100vw, 1024px\" \/>\t\t\t\t\t\t\t\t\t\t\t\t\t<\/div>\n\t\t\t\t<\/div>\n\t\t\t\t\t<\/div>\n\t\t<\/div>\n\t\t\t\t\t<\/div>\n\t\t<\/section>\n\t\t\t\t<section class=\"elementor-section elementor-top-section elementor-element elementor-element-1bbbdef7 elementor-section-boxed elementor-section-height-default elementor-section-height-default\" data-id=\"1bbbdef7\" data-element_type=\"section\" id=\"services\">\n\t\t\t\t\t\t<div class=\"elementor-container elementor-column-gap-no\">\n\t\t\t\t\t<div class=\"elementor-column elementor-col-50 elementor-top-column elementor-element elementor-element-51a0fcb2\" data-id=\"51a0fcb2\" data-element_type=\"column\">\n\t\t\t<div class=\"elementor-widget-wrap elementor-element-populated\">\n\t\t\t\t\t\t<div class=\"elementor-element elementor-element-9c2ca54 animated-fast elementor-invisible elementor-widget elementor-widget-image\" data-id=\"9c2ca54\" data-element_type=\"widget\" data-settings=\"{&quot;_animation&quot;:&quot;fadeInDown&quot;,&quot;_animation_delay&quot;:50}\" data-widget_type=\"image.default\">\n\t\t\t\t<div class=\"elementor-widget-container\">\n\t\t\t\t\t\t\t\t\t\t\t\t\t<img decoding=\"async\" width=\"1024\" height=\"683\" src=\"https:\/\/huebner.io\/wp-content\/uploads\/2023\/11\/MG_2817-1024x683.webp\" class=\"attachment-large size-large wp-image-8493\" alt=\"\" srcset=\"https:\/\/huebner.io\/wp-content\/uploads\/2023\/11\/MG_2817-1024x683.webp 1024w, https:\/\/huebner.io\/wp-content\/uploads\/2023\/11\/MG_2817-300x200.webp 300w, https:\/\/huebner.io\/wp-content\/uploads\/2023\/11\/MG_2817-768x512.webp 768w, https:\/\/huebner.io\/wp-content\/uploads\/2023\/11\/MG_2817-1536x1024.webp 1536w, https:\/\/huebner.io\/wp-content\/uploads\/2023\/11\/MG_2817-18x12.webp 18w, https:\/\/huebner.io\/wp-content\/uploads\/2023\/11\/MG_2817-1320x880.webp 1320w, https:\/\/huebner.io\/wp-content\/uploads\/2023\/11\/MG_2817.webp 1920w\" sizes=\"(max-width: 1024px) 100vw, 1024px\" \/>\t\t\t\t\t\t\t\t\t\t\t\t\t<\/div>\n\t\t\t\t<\/div>\n\t\t\t\t\t<\/div>\n\t\t<\/div>\n\t\t\t\t<div class=\"elementor-column elementor-col-50 elementor-top-column elementor-element elementor-element-37fbae71\" data-id=\"37fbae71\" data-element_type=\"column\">\n\t\t\t<div class=\"elementor-widget-wrap elementor-element-populated\">\n\t\t\t\t\t\t<div class=\"elementor-element elementor-element-780573fd animated-fast elementor-invisible elementor-widget elementor-widget-heading\" data-id=\"780573fd\" data-element_type=\"widget\" data-settings=\"{&quot;_animation&quot;:&quot;fadeInUp&quot;,&quot;_animation_delay&quot;:50}\" data-widget_type=\"heading.default\">\n\t\t\t\t<div class=\"elementor-widget-container\">\n\t\t\t<h4 class=\"elementor-heading-title elementor-size-default\">Do you want to optimize your processes and introduce innovative solutions? Together we will develop a strategy that is based on trust and transparency and empowers your employees.<\/h4>\t\t<\/div>\n\t\t\t\t<\/div>\n\t\t\t\t<div class=\"elementor-element elementor-element-21d1eb8f animated-fast elementor-invisible elementor-widget elementor-widget-text-editor\" data-id=\"21d1eb8f\" data-element_type=\"widget\" data-settings=\"{&quot;_animation&quot;:&quot;fadeInUp&quot;,&quot;_animation_delay&quot;:100}\" data-widget_type=\"text-editor.default\">\n\t\t\t\t<div class=\"elementor-widget-container\">\n\t\t\t\t\t\t\t<p>Our service begins with interviews with employees and customers to understand current workflows and identify potential for improvement. In a collaborative and flexible process, we develop a strategy and introduce new ways of working. We emphasize the responsible use of AI to start where the leverage is greatest and promote acceptance and understanding of AI in your company. This automates tedious tasks, saves time and increases turnover while unleashing creative potential.<\/p>\t\t\t\t\t\t<\/div>\n\t\t\t\t<\/div>\n\t\t\t\t<div class=\"elementor-element elementor-element-74c2d6d7 animated-fast elementor-invisible elementor-widget elementor-widget-heading\" data-id=\"74c2d6d7\" data-element_type=\"widget\" data-settings=\"{&quot;_animation&quot;:&quot;fadeInUp&quot;}\" data-widget_type=\"heading.default\">\n\t\t\t\t<div class=\"elementor-widget-container\">\n\t\t\t<h6 class=\"elementor-heading-title elementor-size-default\">Can be flexibly configured as required.<\/h6>\t\t<\/div>\n\t\t\t\t<\/div>\n\t\t\t\t<div class=\"elementor-element elementor-element-a12e9bc elementor-widget elementor-widget-button\" data-id=\"a12e9bc\" data-element_type=\"widget\" data-widget_type=\"button.default\">\n\t\t\t\t<div class=\"elementor-widget-container\">\n\t\t\t\t\t<div class=\"elementor-button-wrapper\">\n\t\t\t<a class=\"elementor-button elementor-button-link elementor-size-sm\" href=\"#elementor-action:action=popup:open&settings=eyJpZCI6IjEwMjY1IiwidG9nZ2xlIjpmYWxzZX0=\" target=\"_blank\" id=\"amelia-custom-id3\">\n\t\t\t\t\t\t<span class=\"elementor-button-content-wrapper\">\n\t\t\t\t\t\t\t\t\t<span class=\"elementor-button-text\">Project request<\/span>\n\t\t\t\t\t<\/span>\n\t\t\t\t\t<\/a>\n\t\t<\/div>\n\t\t\t\t<\/div>\n\t\t\t\t<\/div>\n\t\t\t\t\t<\/div>\n\t\t<\/div>\n\t\t\t\t\t<\/div>\n\t\t<\/section>\n\t\t\t\t<section class=\"elementor-section elementor-top-section elementor-element elementor-element-6fe3ac8 elementor-section-boxed elementor-section-height-default elementor-section-height-default\" data-id=\"6fe3ac8\" data-element_type=\"section\">\n\t\t\t\t\t\t<div class=\"elementor-container elementor-column-gap-no\">\n\t\t\t\t\t<div class=\"elementor-column elementor-col-50 elementor-top-column elementor-element elementor-element-dfa75ae\" data-id=\"dfa75ae\" data-element_type=\"column\">\n\t\t\t<div class=\"elementor-widget-wrap elementor-element-populated\">\n\t\t\t\t\t\t<div class=\"elementor-element elementor-element-1573634 animated-fast elementor-invisible elementor-widget elementor-widget-image\" data-id=\"1573634\" data-element_type=\"widget\" data-settings=\"{&quot;_animation&quot;:&quot;fadeInDown&quot;,&quot;_animation_delay&quot;:50}\" data-widget_type=\"image.default\">\n\t\t\t\t<div class=\"elementor-widget-container\">\n\t\t\t\t\t\t\t\t\t\t\t\t\t<img decoding=\"async\" width=\"1024\" height=\"683\" src=\"https:\/\/huebner.io\/wp-content\/uploads\/2024\/03\/240314-141440-oliverospelt.com_-1024x683.jpg\" class=\"attachment-large size-large wp-image-9461\" alt=\"\" srcset=\"https:\/\/huebner.io\/wp-content\/uploads\/2024\/03\/240314-141440-oliverospelt.com_-1024x683.jpg 1024w, https:\/\/huebner.io\/wp-content\/uploads\/2024\/03\/240314-141440-oliverospelt.com_-300x200.jpg 300w, https:\/\/huebner.io\/wp-content\/uploads\/2024\/03\/240314-141440-oliverospelt.com_-768x512.jpg 768w, https:\/\/huebner.io\/wp-content\/uploads\/2024\/03\/240314-141440-oliverospelt.com_-1536x1025.jpg 1536w, https:\/\/huebner.io\/wp-content\/uploads\/2024\/03\/240314-141440-oliverospelt.com_-2048x1366.jpg 2048w, https:\/\/huebner.io\/wp-content\/uploads\/2024\/03\/240314-141440-oliverospelt.com_-18x12.jpg 18w, https:\/\/huebner.io\/wp-content\/uploads\/2024\/03\/240314-141440-oliverospelt.com_-1320x880.jpg 1320w\" sizes=\"(max-width: 1024px) 100vw, 1024px\" \/>\t\t\t\t\t\t\t\t\t\t\t\t\t<\/div>\n\t\t\t\t<\/div>\n\t\t\t\t\t<\/div>\n\t\t<\/div>\n\t\t\t\t<div class=\"elementor-column elementor-col-50 elementor-top-column elementor-element elementor-element-324637f\" data-id=\"324637f\" data-element_type=\"column\">\n\t\t\t<div class=\"elementor-widget-wrap elementor-element-populated\">\n\t\t\t\t\t\t<div class=\"elementor-element elementor-element-62b22c8 animated-fast elementor-invisible elementor-widget elementor-widget-heading\" data-id=\"62b22c8\" data-element_type=\"widget\" data-settings=\"{&quot;_animation&quot;:&quot;fadeInUp&quot;,&quot;_animation_delay&quot;:50}\" data-widget_type=\"heading.default\">\n\t\t\t\t<div class=\"elementor-widget-container\">\n\t\t\t<h4 class=\"elementor-heading-title elementor-size-default\">Are you struggling with scattered data and have the feeling that decisions could be made more efficiently? With our AI solutions, we help you to bundle knowledge and make it available at the touch of a button.<\/h4>\t\t<\/div>\n\t\t\t\t<\/div>\n\t\t\t\t<div class=\"elementor-element elementor-element-4e67303 animated-fast elementor-invisible elementor-widget elementor-widget-text-editor\" data-id=\"4e67303\" data-element_type=\"widget\" data-settings=\"{&quot;_animation&quot;:&quot;fadeInUp&quot;,&quot;_animation_delay&quot;:100}\" data-widget_type=\"text-editor.default\">\n\t\t\t\t<div class=\"elementor-widget-container\">\n\t\t\t\t\t\t\t<p data-prosemirror-content-type=\"node\" data-prosemirror-node-name=\"paragraph\" data-prosemirror-node-block=\"true\" data-pm-slice=\"1 1 []\">Our service starts with a comprehensive analysis of your current knowledge sources and processes. We identify optimization potential and use state-of-the-art AI tools to make knowledge accessible and usable regardless of location. This not only shortens search times, but also improves collaboration and enables more informed, faster decisions. Your company becomes more agile and benefits from continuous learning.<\/p>\t\t\t\t\t\t<\/div>\n\t\t\t\t<\/div>\n\t\t\t\t<div class=\"elementor-element elementor-element-eff5778 animated-fast elementor-invisible elementor-widget elementor-widget-heading\" data-id=\"eff5778\" data-element_type=\"widget\" data-settings=\"{&quot;_animation&quot;:&quot;fadeInUp&quot;}\" data-widget_type=\"heading.default\">\n\t\t\t\t<div class=\"elementor-widget-container\">\n\t\t\t<h6 class=\"elementor-heading-title elementor-size-default\">Management workshop, data collection, implementation of solutions.<\/h6>\t\t<\/div>\n\t\t\t\t<\/div>\n\t\t\t\t<div class=\"elementor-element elementor-element-96fad04 elementor-widget elementor-widget-button\" data-id=\"96fad04\" data-element_type=\"widget\" data-widget_type=\"button.default\">\n\t\t\t\t<div class=\"elementor-widget-container\">\n\t\t\t\t\t<div class=\"elementor-button-wrapper\">\n\t\t\t<a class=\"elementor-button elementor-button-link elementor-size-sm\" href=\"#elementor-action:action=popup:open&settings=eyJpZCI6IjEwMjY1IiwidG9nZ2xlIjpmYWxzZX0=\" target=\"_blank\" id=\"amelia-custom-id3\">\n\t\t\t\t\t\t<span class=\"elementor-button-content-wrapper\">\n\t\t\t\t\t\t\t\t\t<span class=\"elementor-button-text\">Project request<\/span>\n\t\t\t\t\t<\/span>\n\t\t\t\t\t<\/a>\n\t\t<\/div>\n\t\t\t\t<\/div>\n\t\t\t\t<\/div>\n\t\t\t\t\t<\/div>\n\t\t<\/div>\n\t\t\t\t\t<\/div>\n\t\t<\/section>\n\t\t\t\t<section class=\"elementor-section elementor-top-section elementor-element elementor-element-9530448 elementor-section-boxed elementor-section-height-default elementor-section-height-default\" data-id=\"9530448\" data-element_type=\"section\">\n\t\t\t\t\t\t<div class=\"elementor-container elementor-column-gap-no\">\n\t\t\t\t\t<div class=\"elementor-column elementor-col-50 elementor-top-column elementor-element elementor-element-5943fa8\" data-id=\"5943fa8\" data-element_type=\"column\">\n\t\t\t<div class=\"elementor-widget-wrap elementor-element-populated\">\n\t\t\t\t\t\t<div class=\"elementor-element elementor-element-c6239a7 animated-fast elementor-invisible elementor-widget elementor-widget-image\" data-id=\"c6239a7\" data-element_type=\"widget\" data-settings=\"{&quot;_animation&quot;:&quot;fadeInDown&quot;,&quot;_animation_delay&quot;:50}\" data-widget_type=\"image.default\">\n\t\t\t\t<div class=\"elementor-widget-container\">\n\t\t\t\t\t\t\t\t\t\t\t\t\t<img loading=\"lazy\" decoding=\"async\" width=\"1024\" height=\"683\" src=\"https:\/\/huebner.io\/wp-content\/uploads\/2023\/11\/MG_2698-1024x683.webp\" class=\"attachment-large size-large wp-image-8476\" alt=\"\" srcset=\"https:\/\/huebner.io\/wp-content\/uploads\/2023\/11\/MG_2698-1024x683.webp 1024w, https:\/\/huebner.io\/wp-content\/uploads\/2023\/11\/MG_2698-300x200.webp 300w, https:\/\/huebner.io\/wp-content\/uploads\/2023\/11\/MG_2698-768x512.webp 768w, https:\/\/huebner.io\/wp-content\/uploads\/2023\/11\/MG_2698-1536x1024.webp 1536w, https:\/\/huebner.io\/wp-content\/uploads\/2023\/11\/MG_2698-18x12.webp 18w, https:\/\/huebner.io\/wp-content\/uploads\/2023\/11\/MG_2698-1320x880.webp 1320w, https:\/\/huebner.io\/wp-content\/uploads\/2023\/11\/MG_2698.webp 1920w\" sizes=\"(max-width: 1024px) 100vw, 1024px\" \/>\t\t\t\t\t\t\t\t\t\t\t\t\t<\/div>\n\t\t\t\t<\/div>\n\t\t\t\t\t<\/div>\n\t\t<\/div>\n\t\t\t\t<div class=\"elementor-column elementor-col-50 elementor-top-column elementor-element elementor-element-bc3f321\" data-id=\"bc3f321\" data-element_type=\"column\">\n\t\t\t<div class=\"elementor-widget-wrap elementor-element-populated\">\n\t\t\t\t\t\t<div class=\"elementor-element elementor-element-27ffec1 animated-fast elementor-invisible elementor-widget elementor-widget-heading\" data-id=\"27ffec1\" data-element_type=\"widget\" data-settings=\"{&quot;_animation&quot;:&quot;fadeInUp&quot;,&quot;_animation_delay&quot;:50}\" data-widget_type=\"heading.default\">\n\t\t\t\t<div class=\"elementor-widget-container\">\n\t\t\t<h4 class=\"elementor-heading-title elementor-size-default\">Do you want to involve your stakeholders in the best possible way? Together we will develop a strategy that is based on trust and transparency and also reaches critical target groups.<\/h4>\t\t<\/div>\n\t\t\t\t<\/div>\n\t\t\t\t<div class=\"elementor-element elementor-element-fd15f6c animated-fast elementor-invisible elementor-widget elementor-widget-text-editor\" data-id=\"fd15f6c\" data-element_type=\"widget\" data-settings=\"{&quot;_animation&quot;:&quot;fadeInUp&quot;,&quot;_animation_delay&quot;:100}\" data-widget_type=\"text-editor.default\">\n\t\t\t\t<div class=\"elementor-widget-container\">\n\t\t\t\t\t\t\t<p>Our service combines individual consulting with practical methods such as stakeholder interviews. Together, we identify key contacts and target groups and develop suitable goals and messages. We actively involve stakeholders in the process and practice communication at eye level. This allows you to include critical target groups in the process in order to resolve tensions and position the company as a responsible partner.<\/p>\t\t\t\t\t\t<\/div>\n\t\t\t\t<\/div>\n\t\t\t\t<div class=\"elementor-element elementor-element-bf76c4c animated-fast elementor-invisible elementor-widget elementor-widget-heading\" data-id=\"bf76c4c\" data-element_type=\"widget\" data-settings=\"{&quot;_animation&quot;:&quot;fadeInUp&quot;}\" data-widget_type=\"heading.default\">\n\t\t\t\t<div class=\"elementor-widget-container\">\n\t\t\t<h6 class=\"elementor-heading-title elementor-size-default\">Can be flexibly configured as required.<\/h6>\t\t<\/div>\n\t\t\t\t<\/div>\n\t\t\t\t<div class=\"elementor-element elementor-element-5d38e97 elementor-widget elementor-widget-button\" data-id=\"5d38e97\" data-element_type=\"widget\" data-widget_type=\"button.default\">\n\t\t\t\t<div class=\"elementor-widget-container\">\n\t\t\t\t\t<div class=\"elementor-button-wrapper\">\n\t\t\t<a class=\"elementor-button elementor-button-link elementor-size-sm\" href=\"#elementor-action:action=popup:open&settings=eyJpZCI6IjEwMjY1IiwidG9nZ2xlIjpmYWxzZX0=\" target=\"_blank\" id=\"amelia-custom-id3\">\n\t\t\t\t\t\t<span class=\"elementor-button-content-wrapper\">\n\t\t\t\t\t\t\t\t\t<span class=\"elementor-button-text\">Project request<\/span>\n\t\t\t\t\t<\/span>\n\t\t\t\t\t<\/a>\n\t\t<\/div>\n\t\t\t\t<\/div>\n\t\t\t\t<\/div>\n\t\t\t\t\t<\/div>\n\t\t<\/div>\n\t\t\t\t\t<\/div>\n\t\t<\/section>\n\t\t\t\t<\/div>","protected":false},"excerpt":{"rendered":"<p>Services Working with us 1:1 Success as an entrepreneur can be lonely and difficult. To help you accelerate your own learning and your team's progress, we offer three services that address current leadership topics. AI Empowerment Use the potential of Artificial Intelligence to optimize processes and collaboration. Knowledge [...]<\/p>","protected":false},"author":3,"featured_media":0,"parent":0,"menu_order":0,"comment_status":"closed","ping_status":"closed","template":"elementor_header_footer","meta":{"_seopress_robots_primary_cat":"","_seopress_titles_title":"H\u00fcbner Management | Unsere Services f\u00fcr KMU","_seopress_titles_desc":"Optimieren Sie Prozesse, st\u00e4rken Sie die Stakeholder-Kommunikation und erweitern Sie Ihre F\u00fchrungsrolle mit individueller Beratung und praktischen Methoden.","_seopress_robots_index":"","footnotes":""},"class_list":["post-7570","page","type-page","status-publish","hentry","entry"],"acf":[],"_links":{"self":[{"href":"https:\/\/huebner.io\/en\/wp-json\/wp\/v2\/pages\/7570"}],"collection":[{"href":"https:\/\/huebner.io\/en\/wp-json\/wp\/v2\/pages"}],"about":[{"href":"https:\/\/huebner.io\/en\/wp-json\/wp\/v2\/types\/page"}],"author":[{"embeddable":true,"href":"https:\/\/huebner.io\/en\/wp-json\/wp\/v2\/users\/3"}],"replies":[{"embeddable":true,"href":"https:\/\/huebner.io\/en\/wp-json\/wp\/v2\/comments?post=7570"}],"version-history":[{"count":0,"href":"https:\/\/huebner.io\/en\/wp-json\/wp\/v2\/pages\/7570\/revisions"}],"wp:attachment":[{"href":"https:\/\/huebner.io\/en\/wp-json\/wp\/v2\/media?parent=7570"}],"curies":[{"name":"wp","href":"https:\/\/api.w.org\/{rel}","templated":true}]}}